{"id":171,"date":"2017-05-08T06:59:45","date_gmt":"2017-05-08T06:59:45","guid":{"rendered":"https:\/\/arquitectosdejaen.es\/?page_id=171"},"modified":"2026-02-24T10:00:18","modified_gmt":"2026-02-24T09:00:18","slug":"tramites-colegiales","status":"publish","type":"page","link":"https:\/\/arquitectosdejaen.es\/?page_id=171","title":{"rendered":"TRAMITES COLEGIALES"},"content":{"rendered":"<p>[et_pb_section fb_built=\u00bb1&#8243; _builder_version=\u00bb4.16&#8243; global_colors_info=\u00bb{}\u00bb][et_pb_row _builder_version=\u00bb4.16&#8243; background_size=\u00bbinitial\u00bb background_position=\u00bbtop_left\u00bb background_repeat=\u00bbrepeat\u00bb hover_enabled=\u00bb0&#8243; global_colors_info=\u00bb{}\u00bb sticky_enabled=\u00bb0&#8243;][et_pb_column type=\u00bb4_4&#8243; _builder_version=\u00bb4.16&#8243; custom_padding=\u00bb|||\u00bb global_colors_info=\u00bb{}\u00bb custom_padding__hover=\u00bb|||\u00bb][et_pb_text _builder_version=\u00bb4.27.5&#8243; background_size=\u00bbinitial\u00bb background_position=\u00bbtop_left\u00bb background_repeat=\u00bbrepeat\u00bb hover_enabled=\u00bb0&#8243; global_colors_info=\u00bb{}\u00bb sticky_enabled=\u00bb0&#8243;]<\/p>\n<h2><strong>Costes de Visado 2026:<\/strong><\/h2>\n<p><a class=\"LinkFichero\" href=\"http:\/\/www.coajaen.org\/ventanilla\/Descargas\/COSTES_VISADO_OBLIGATORIO_2026.pdf\" target=\"_blank\" rel=\"noopener\">Costes de Visado Obligatorio<\/a><br \/><a class=\"LinkFichero\" href=\"http:\/\/www.coajaen.org\/ventanilla\/Descargas\/COSTES_VISADO_VOLUNTARIO_2026.pdf\" target=\"_blank\" rel=\"noopener\">Costes de Visado Voluntario<\/a><br \/><a class=\"LinkFichero\" href=\"http:\/\/www.coajaen.org\/ventanilla\/Descargas\/Costes_Visado_ITEs_Certificaciones_y_Registro_2026.pdf\" target=\"_blank\" rel=\"noopener\">Costes de Visado para ITEs, Certificaciones Energ\u00e9ticas y Registro Voluntario de Documentos.<\/a><br \/><a class=\"LinkFichero\" href=\"https:\/\/www.coajaen.org\/ventanilla\/Descargas\/Tarifa_Suplidos_2026.pdf\" target=\"_blank\" rel=\"noopener\">Tarifa de suplidos y honorarios por localizaci\u00f3n, copia e informes para terceros, organismos y juzgados<\/a><br \/><a class=\"LinkFichero\" href=\"http:\/\/www.coajaen.org\/ventanilla\/Descargas\/COSTES_REFERENCIA_2026.pdf\" target=\"_blank\" rel=\"noopener\">Costes de Referencia de la Construcci\u00f3n<\/a><br \/><a class=\"LinkFichero\" href=\"http:\/\/www.coajaen.org\/ventanilla\/Descargas\/Indice_Actualizacion_2026.pdf\" target=\"_blank\" rel=\"noopener\">\u00cdndice de Actualizaci\u00f3n (Ia)<\/a><br \/><a class=\"LinkFichero\" href=\"http:\/\/www.coajaen.org\/ventanilla\/Descargas\/Cesion_Instalaciones_2026.pdf\" target=\"_blank\" rel=\"noopener\">Condiciones de cesi\u00f3n de instalaciones<\/a><\/p>\n<p>&nbsp;<\/p>\n<p>[\/et_pb_text][\/et_pb_column][\/et_pb_row][\/et_pb_section]<\/p>\n","protected":false},"excerpt":{"rendered":"<p>Costes de Visado 2026: Costes de Visado ObligatorioCostes de Visado VoluntarioCostes de Visado para ITEs, Certificaciones Energ\u00e9ticas y Registro Voluntario de Documentos.Tarifa de suplidos y honorarios por localizaci\u00f3n, copia e informes para terceros, organismos y juzgadosCostes de Referencia de la Construcci\u00f3n\u00cdndice de Actualizaci\u00f3n (Ia)Condiciones de cesi\u00f3n de instalaciones &nbsp;<\/p>\n","protected":false},"author":1,"featured_media":0,"parent":9,"menu_order":0,"comment_status":"closed","ping_status":"closed","template":"","meta":{"_et_pb_use_builder":"on","_et_pb_old_content":"<h2><strong>Costes de Visado y Costes de Referencia 2022.<\/strong><\/h2><p><a class=\"LinkFichero\" href=\"http:\/\/www.coajaen.org\/ventanilla\/Descargas\/COSTES_VISADO_OBLIGATORIO_2022.pdf\">Costes de Visado Obligatorio<\/a><br \/><a class=\"LinkFichero\" href=\"http:\/\/www.coajaen.org\/ventanilla\/Descargas\/COSTES_VISADO_VOLUNTARIO_2022.pdf\">Costes de Visado Voluntario<\/a><br \/><a class=\"LinkFichero\" href=\"http:\/\/www.coajaen.org\/ventanilla\/Descargas\/Costes_Visado_ITEs_Certificaciones_y_Registro_2022.pdf\">Costes de Visado para ITEs, Certificaciones Energ\u00e9ticas y Registro Voluntario de Documentos.<\/a><br \/><a class=\"LinkFichero\" href=\"http:\/\/www.coajaen.org\/ventanilla\/Descargas\/CUOTAS_COLEGIACION_2022.pdf\">Cuotas de Colegiaci\u00f3n. Nuevas altas y cuotas anuales<\/a><br \/><a class=\"LinkFichero\" href=\"http:\/\/www.coajaen.org\/ventanilla\/Descargas\/TASAS_2022.pdf\">Tarifa de suplidos y honorarios por localizaci\u00f3n, copia e informes para terceros, organismos y juzgados<\/a><br \/><a class=\"LinkFichero\" href=\"http:\/\/www.coajaen.org\/ventanilla\/Descargas\/COSTES_REFERENCIA_2022.pdf\">Costes de Referencia de la Construcci\u00f3n<\/a><br \/><a class=\"LinkFichero\" href=\"http:\/\/www.coajaen.org\/ventanilla\/Descargas\/Indice_Actualizacion_2022.pdf\">\u00cdndice de Actualizaci\u00f3n (Ia)<\/a><br \/><a class=\"LinkFichero\" href=\"http:\/\/www.coajaen.org\/ventanilla\/Descargas\/Cesion_Instalaciones_2022.pdf\">Condiciones de cesi\u00f3n de instalaciones<\/a><\/p><p>\u00a0<\/p>","_et_gb_content_width":"","footnotes":""},"class_list":["post-171","page","type-page","status-publish","hentry"],"_links":{"self":[{"href":"https:\/\/arquitectosdejaen.es\/index.php?rest_route=\/wp\/v2\/pages\/171","targetHints":{"allow":["GET"]}}],"collection":[{"href":"https:\/\/arquitectosdejaen.es\/index.php?rest_route=\/wp\/v2\/pages"}],"about":[{"href":"https:\/\/arquitectosdejaen.es\/index.php?rest_route=\/wp\/v2\/types\/page"}],"author":[{"embeddable":true,"href":"https:\/\/arquitectosdejaen.es\/index.php?rest_route=\/wp\/v2\/users\/1"}],"replies":[{"embeddable":true,"href":"https:\/\/arquitectosdejaen.es\/index.php?rest_route=%2Fwp%2Fv2%2Fcomments&post=171"}],"version-history":[{"count":22,"href":"https:\/\/arquitectosdejaen.es\/index.php?rest_route=\/wp\/v2\/pages\/171\/revisions"}],"predecessor-version":[{"id":6463,"href":"https:\/\/arquitectosdejaen.es\/index.php?rest_route=\/wp\/v2\/pages\/171\/revisions\/6463"}],"up":[{"embeddable":true,"href":"https:\/\/arquitectosdejaen.es\/index.php?rest_route=\/wp\/v2\/pages\/9"}],"wp:attachment":[{"href":"https:\/\/arquitectosdejaen.es\/index.php?rest_route=%2Fwp%2Fv2%2Fmedia&parent=171"}],"curies":[{"name":"wp","href":"https:\/\/api.w.org\/{rel}","templated":true}]}}