{"id":187,"date":"2017-05-08T07:04:16","date_gmt":"2017-05-08T05:04:16","guid":{"rendered":"https:\/\/arquitectosdejaen.es\/presentacion\/"},"modified":"2022-09-26T12:38:35","modified_gmt":"2022-09-26T10:38:35","slug":"presentacion","status":"publish","type":"page","link":"https:\/\/arquitectosdejaen.es\/?page_id=187","title":{"rendered":"PRESENTACI\u00d3N"},"content":{"rendered":"<h2 class=\"titulo-oscuro\">Presentaci\u00f3n COA Ja\u00e9n<\/h2>\n<p>El Colegio Oficial de Arquitectos de Ja\u00e9n, es una corporaci\u00f3n de derecho p\u00fablico, constituida por los arquitectos que ejercen la profesi\u00f3n en la provincia, y representa, en todo caso, sus intereses dentro y fuera del \u00c1mbito de su territorio en relaci\u00f3n con los organismos p\u00fablicos, entidades privadas y particulares.<\/p>\n<p>Se constituye por el DECRETO 100\/2001, de 10 de Abril, de la Junta de Andaluc\u00eda, por el que se crean, por segregaci\u00f3n los Colegios Oficiales de Arquitectos de Andaluc\u00eda Occidental y de Andaluc\u00eda Oriental, los Colegios Oficiales de Arquitectos de las ocho provincias de Andaluc\u00eda.<\/p>\n<p>Hasta esta fecha, desarrolla su actividad como Delegaci\u00f3n en Ja\u00e9n del Colegio Oficial de Arquitectos de Andaluc\u00eda Oriental, desde la constituci\u00f3n de este en el a\u00f1o 1969, con arreglo al RD 364\/1969 de 27 de Febrero y, previamente, integrado en el Colegio Oficial de Arquitectos de Andaluc\u00eda, Canarias y Marruecos, constituido por la Real Orden de 16 de Julio de 1930 al amparo del Real Decreto de la Presidencia del Consejo de Ministros de 27 de Diciembre de 1929 por el que se crean los Colegios de Arquitectos de Espa\u00f1a.<\/p>\n<p><a name=\"S2\"><\/a><\/p>\n<h4>Fines y funciones del COA Ja\u00e9n.<\/h4>\n<p>El objeto fundamental del Colegio es procurar que se cumplan en todos los casos los fines que correspondan a la Arquitectura considerada como funci\u00f3n social.<\/p>\n<p>Adem\u00e1s podemos destacar los siguientes fines espec\u00edficos:<br \/>\n&#8211; Ordenar el ejercicio de la profesi\u00f3n de arquitecto.<br \/>\n&#8211; Representar los intereses generales de la profesi\u00f3n de arquitecto, especialmente en sus relaciones con las Administraciones P\u00fablicas.<br \/>\n&#8211; Contribuir a la formaci\u00f3n y perfeccionamiento de los arquitectos.<br \/>\n&#8211; Velar por la libertad de actuaci\u00f3n del arquitecto en cualquier modalidad de su ejercicio profesional.<br \/>\n&#8211; Fomentar el conocimiento y la participaci\u00f3n de la Sociedad en las materias relacionadas con la Arquitectura, el Urbanismo y el Medio Ambiente.<\/p>\n","protected":false},"excerpt":{"rendered":"<p>Presentaci\u00f3n COA Ja\u00e9n El Colegio Oficial de Arquitectos de Ja\u00e9n, es una corporaci\u00f3n de derecho p\u00fablico, constituida por los arquitectos que ejercen la profesi\u00f3n en la provincia, y representa, en todo caso, sus intereses dentro y fuera del \u00c1mbito de su territorio en relaci\u00f3n con los organismos p\u00fablicos, entidades privadas y particulares. Se constituye por [&hellip;]<\/p>\n","protected":false},"author":1,"featured_media":0,"parent":0,"menu_order":0,"comment_status":"closed","ping_status":"closed","template":"","meta":{"_et_pb_use_builder":"","_et_pb_old_content":"","_et_gb_content_width":"","footnotes":""},"class_list":["post-187","page","type-page","status-publish","hentry"],"_links":{"self":[{"href":"https:\/\/arquitectosdejaen.es\/index.php?rest_route=\/wp\/v2\/pages\/187","targetHints":{"allow":["GET"]}}],"collection":[{"href":"https:\/\/arquitectosdejaen.es\/index.php?rest_route=\/wp\/v2\/pages"}],"about":[{"href":"https:\/\/arquitectosdejaen.es\/index.php?rest_route=\/wp\/v2\/types\/page"}],"author":[{"embeddable":true,"href":"https:\/\/arquitectosdejaen.es\/index.php?rest_route=\/wp\/v2\/users\/1"}],"replies":[{"embeddable":true,"href":"https:\/\/arquitectosdejaen.es\/index.php?rest_route=%2Fwp%2Fv2%2Fcomments&post=187"}],"version-history":[{"count":9,"href":"https:\/\/arquitectosdejaen.es\/index.php?rest_route=\/wp\/v2\/pages\/187\/revisions"}],"predecessor-version":[{"id":5371,"href":"https:\/\/arquitectosdejaen.es\/index.php?rest_route=\/wp\/v2\/pages\/187\/revisions\/5371"}],"wp:attachment":[{"href":"https:\/\/arquitectosdejaen.es\/index.php?rest_route=%2Fwp%2Fv2%2Fmedia&parent=187"}],"curies":[{"name":"wp","href":"https:\/\/api.w.org\/{rel}","templated":true}]}}