{"id":191,"date":"2017-05-08T07:06:47","date_gmt":"2017-05-08T05:06:47","guid":{"rendered":"https:\/\/arquitectosdejaen.es\/?page_id=191"},"modified":"2021-11-23T12:46:26","modified_gmt":"2021-11-23T11:46:26","slug":"directorio","status":"publish","type":"page","link":"https:\/\/arquitectosdejaen.es\/?page_id=191","title":{"rendered":"DIRECTORIO"},"content":{"rendered":"<p>[et_pb_section fb_built=\u00bb1&#8243; _builder_version=\u00bb3.22&#8243; global_colors_info=\u00bb{}\u00bb theme_builder_area=\u00bbpost_content\u00bb][et_pb_row _builder_version=\u00bb3.25&#8243; background_size=\u00bbinitial\u00bb background_position=\u00bbtop_left\u00bb background_repeat=\u00bbrepeat\u00bb global_colors_info=\u00bb{}\u00bb theme_builder_area=\u00bbpost_content\u00bb][et_pb_column type=\u00bb4_4&#8243; _builder_version=\u00bb3.25&#8243; custom_padding=\u00bb|||\u00bb global_colors_info=\u00bb{}\u00bb custom_padding__hover=\u00bb|||\u00bb theme_builder_area=\u00bbpost_content\u00bb][et_pb_text _builder_version=\u00bb3.27.4&#8243; background_size=\u00bbinitial\u00bb background_position=\u00bbtop_left\u00bb background_repeat=\u00bbrepeat\u00bb hover_enabled=\u00bb0&#8243; global_colors_info=\u00bb{}\u00bb theme_builder_area=\u00bbpost_content\u00bb sticky_enabled=\u00bb0&#8243;]<\/p>\n<h2 class=\"titulo-oscuro\">Directorio<\/h2>\n<table class=\"Clista\">\n<tbody>\n<tr class=\"seccion\">\n<th style=\"text-align: left;\" colspan=\"2\">Datos de Contacto:<\/th>\n<\/tr>\n<tr>\n<td>Tel\u00e9fono:<\/td>\n<td>953 234 731<\/td>\n<\/tr>\n<tr>\n<td>Email:<\/td>\n<td>coajaen@coajaen.org<\/td>\n<\/tr>\n<tr class=\"seccion\">\n<th style=\"text-align: left;\" colspan=\"2\">\n<p>&nbsp;<\/p>\n<p>Horario de atenci\u00f3n al p\u00fablico:<\/p>\n<\/th>\n<\/tr>\n<tr>\n<td><\/td>\n<td>De lunes a viernes de 9 a 14 horas. Martes y Jueves de 17 a 19 horas.<\/td>\n<\/tr>\n<\/tbody>\n<\/table>\n<hr \/>\n<p><a name=\"S9\"><\/a><\/p>\n<table class=\"TablaDirectorio\" style=\"width: 638px;\" height=\"243\">\n<tbody>\n<tr>\n<td class=\"DirectorioCabecera\" style=\"width: 637px;\" colspan=\"3\"><strong>0. Planta Baja:<\/strong><\/td>\n<\/tr>\n<tr>\n<td style=\"width: 337.737px;\"><img loading=\"lazy\" decoding=\"async\" width=\"250\" height=\"198\" class=\"alignnone size-medium wp-image-1977\" src=\"https:\/\/arquitectosdejaen.es\/wp-content\/uploads\/Directorio_PB-250x198.jpg\" alt=\"\" srcset=\"https:\/\/arquitectosdejaen.es\/wp-content\/uploads\/Directorio_PB-250x198.jpg 250w, https:\/\/arquitectosdejaen.es\/wp-content\/uploads\/Directorio_PB-120x95.jpg 120w, https:\/\/arquitectosdejaen.es\/wp-content\/uploads\/Directorio_PB.jpg 300w\" sizes=\"(max-width: 250px) 100vw, 250px\" \/><\/td>\n<td class=\"DirectorioContenido\" style=\"width: 239.65px;\">\n<div class=\"DirectorioVestibulo\">01. Vest\u00edbulo.<\/div>\n<div class=\"DirectorioEspacios\">02. Sala de Exposiciones.<\/div>\n<div class=\"DirectorioHNA\" title=\"Haga click para ver la informaci\u00f3n correspondiente.\">03. HNA &#8211; Asemas.<\/div>\n<div class=\"DirectorioServicios\" title=\"Haga click para ver la informaci\u00f3n correspondiente.\">04. Recepci\u00f3n.<\/div>\n<div class=\"DirectorioServicios\" title=\"Haga click para ver la informaci\u00f3n correspondiente.\">05. Archivo.<\/div>\n<\/td>\n<td class=\"DirectorioContenido\" style=\"width: 59.6125px;\"><\/td>\n<\/tr>\n<\/tbody>\n<\/table>\n<p><a name=\"S10\"><\/a><\/p>\n<table class=\"TablaDirectorio\" style=\"width: 636px;\" height=\"339\">\n<tbody>\n<tr>\n<td class=\"DirectorioCabecera\" style=\"width: 635px;\" colspan=\"3\"><strong>1. Planta Primera:<\/strong><\/td>\n<\/tr>\n<tr>\n<td style=\"width: 340.837px;\"><img loading=\"lazy\" decoding=\"async\" class=\"alignnone wp-image-4755\" src=\"https:\/\/arquitectosdejaen.es\/wp-content\/uploads\/Directorio_P1-1.jpg\" alt=\"\" width=\"244\" height=\"174\" \/><\/td>\n<td class=\"DirectorioContenido\" style=\"width: 234.025px;\">\n<div class=\"DirectorioEspacios\">11. Biblioteca.<\/div>\n<div class=\"DirectorioAseos\">12. Aseos.<\/div>\n<div class=\"DirectorioServicios\" title=\"Haga click para ver la informaci\u00f3n correspondiente.\">13. Secretar\u00eda T\u00e9cnica.<\/div>\n<div class=\"DirectorioServicios\" title=\"Haga click para ver la informaci\u00f3n correspondiente.\">14. Contabilidad.<\/div>\n<div class=\"DirectorioServicios\" title=\"Haga click para ver la informaci\u00f3n correspondiente.\">15. Asesor\u00eda Fiscal.<\/div>\n<div class=\"DirectorioServicios\" title=\"Haga click para ver la informaci\u00f3n correspondiente.\">16. Visado.<\/div>\n<div class=\"DirectorioServicios\" title=\"Haga click para ver la informaci\u00f3n correspondiente.\">17. Asesor\u00eda Juridica.<\/div>\n<div class=\"DirectorioServicios\" title=\"Haga click para ver la informaci\u00f3n correspondiente.\">18. Inform\u00e1tica &#8211; Informaci\u00f3n.<\/div>\n<div class=\"DirectorioServicios\" title=\"Haga click para ver la informaci\u00f3n correspondiente.\">19. Inform\u00e1tica &#8211; Desarrollo.<\/div>\n<\/td>\n<td class=\"DirectorioContenido\" style=\"width: 60.1375px;\"><\/td>\n<\/tr>\n<\/tbody>\n<\/table>\n<p><a name=\"S11\"><\/a><\/p>\n<table class=\"TablaDirectorio\" style=\"width: 635px;\" height=\"186\">\n<tbody>\n<tr>\n<td class=\"DirectorioCabecera\" style=\"width: 634px;\" colspan=\"3\"><strong>2. Planta Segunda:<\/strong><\/td>\n<\/tr>\n<tr>\n<td style=\"width: 332.362px;\"><img loading=\"lazy\" decoding=\"async\" width=\"250\" height=\"151\" class=\"alignnone size-medium wp-image-1976\" src=\"https:\/\/arquitectosdejaen.es\/wp-content\/uploads\/Directorio_P2-250x151.jpg\" alt=\"\" srcset=\"https:\/\/arquitectosdejaen.es\/wp-content\/uploads\/Directorio_P2-250x151.jpg 250w, https:\/\/arquitectosdejaen.es\/wp-content\/uploads\/Directorio_P2-120x72.jpg 120w, https:\/\/arquitectosdejaen.es\/wp-content\/uploads\/Directorio_P2.jpg 300w\" sizes=\"(max-width: 250px) 100vw, 250px\" \/><\/td>\n<td class=\"DirectorioContenido\" style=\"width: 241.9px;\">\n<div class=\"DirectorioEspacios\">21. Sal\u00f3n de Actos.<\/div>\n<div class=\"DirectorioJunta\">22. Decano. Sala de Juntas.<\/div>\n<div class=\"DirectorioAseos\">23. Aseos.<\/div>\n<\/td>\n<td style=\"width: 59.7375px;\"><\/td>\n<\/tr>\n<\/tbody>\n<\/table>\n<p><a name=\"S12\"><\/a><\/p>\n<table class=\"TablaDirectorio\" style=\"width: 484px;\" height=\"233\">\n<tbody>\n<tr>\n<td class=\"DirectorioCabecera\" style=\"width: 483px;\" colspan=\"3\"><strong>-1. S\u00f3tano:<\/strong><\/td>\n<\/tr>\n<tr>\n<td style=\"width: 332.438px;\"><img loading=\"lazy\" decoding=\"async\" width=\"250\" height=\"178\" class=\"alignnone size-medium wp-image-1978\" src=\"https:\/\/arquitectosdejaen.es\/wp-content\/uploads\/Directorio_PS-250x178.jpg\" alt=\"\" srcset=\"https:\/\/arquitectosdejaen.es\/wp-content\/uploads\/Directorio_PS-250x178.jpg 250w, https:\/\/arquitectosdejaen.es\/wp-content\/uploads\/Directorio_PS-120x85.jpg 120w, https:\/\/arquitectosdejaen.es\/wp-content\/uploads\/Directorio_PS.jpg 300w\" sizes=\"(max-width: 250px) 100vw, 250px\" \/><\/td>\n<td class=\"DirectorioContenido\" style=\"width: 150.562px;\">\n<div class=\"DirectorioArchivo\" style=\"text-align: left;\">-11. Archivo.<\/div>\n<\/td>\n<\/tr>\n<\/tbody>\n<\/table>\n<p>&nbsp;<\/p>\n<p>[\/et_pb_text][\/et_pb_column][\/et_pb_row][\/et_pb_section]<\/p>\n","protected":false},"excerpt":{"rendered":"<p>Directorio Datos de Contacto: Tel\u00e9fono: 953 234 731 Email: coajaen@coajaen.org &nbsp; Horario de atenci\u00f3n al p\u00fablico: De lunes a viernes de 9 a 14 horas. Martes y Jueves de 17 a 19 horas. 0. Planta Baja: 01. Vest\u00edbulo. 02. Sala de Exposiciones. 03. HNA &#8211; Asemas. 04. Recepci\u00f3n. 05. Archivo. 1. Planta Primera: 11. Biblioteca. [&hellip;]<\/p>\n","protected":false},"author":1,"featured_media":0,"parent":0,"menu_order":0,"comment_status":"closed","ping_status":"closed","template":"","meta":{"_et_pb_use_builder":"on","_et_pb_old_content":"<h2 class=\"titulo-oscuro\">Directorio<\/h2><table class=\"Clista\"><tbody><tr class=\"seccion\"><th style=\"text-align: left;\" colspan=\"2\">Datos de Contacto:<\/th><\/tr><tr><td>Tel\u00e9fono:<\/td><td>953 234 731<\/td><\/tr><tr><td>Email:<\/td><td>coajaen@coajaen.org<\/td><\/tr><tr class=\"seccion\"><th style=\"text-align: left;\" colspan=\"2\"><p>\u00a0<\/p><p>Horario de atenci\u00f3n al p\u00fablico:<\/p><\/th><\/tr><tr><td>\u00a0<\/td><td>De lunes a viernes de 9 a 14 horas. Martes y Jueves de 17 a 19 horas.<\/td><\/tr><\/tbody><\/table><hr \/><p><a name=\"S9\"><\/a><\/p><table class=\"TablaDirectorio\" style=\"width: 505px;\"><tbody><tr><td class=\"DirectorioCabecera\" style=\"width: 493px;\" colspan=\"3\"><strong>0. Planta Baja:<\/strong><\/td><\/tr><tr><td style=\"width: 275px;\"><img class=\"alignnone size-medium wp-image-1977\" src=\"https:\/\/arquitectosdejaen.es\/wp-content\/uploads\/Directorio_PB-250x198.jpg\" alt=\"\" \/><\/td><td class=\"DirectorioContenido\" style=\"width: 195.138px;\"><div class=\"DirectorioVestibulo\">01. Vest\u00edbulo.<\/div><div class=\"DirectorioEspacios\">02. Sala de Exposiciones.<\/div><div class=\"DirectorioHNA\" title=\"Haga click para ver la informaci\u00f3n correspondiente.\">03. HNA - Asemas.<\/div><div class=\"DirectorioServicios\" title=\"Haga click para ver la informaci\u00f3n correspondiente.\">04. Recepci\u00f3n.<\/div><div class=\"DirectorioServicios\" title=\"Haga click para ver la informaci\u00f3n correspondiente.\">05. Archivo.<\/div><\/td><td class=\"DirectorioContenido\" style=\"width: 22.8625px;\">\u00a0<\/td><\/tr><\/tbody><\/table><p><a name=\"S10\"><\/a><\/p><table class=\"TablaDirectorio\" style=\"width: 507px;\"><tbody><tr><td class=\"DirectorioCabecera\" style=\"width: 495px;\" colspan=\"3\"><strong>1. Planta Primera:<\/strong><\/td><\/tr><tr><td style=\"width: 275px;\"><img class=\"alignnone wp-image-4755\" src=\"https:\/\/arquitectosdejaen.es\/wp-content\/uploads\/Directorio_P1-1.jpg\" alt=\"\" width=\"244\" height=\"174\" \/><\/td><td class=\"DirectorioContenido\" style=\"width: 188.837px;\"><div class=\"DirectorioEspacios\">11. Biblioteca.<\/div><div class=\"DirectorioAseos\">12. Aseos.<\/div><div class=\"DirectorioServicios\" title=\"Haga click para ver la informaci\u00f3n correspondiente.\">13. Secretar\u00eda T\u00e9cnica.<\/div><div class=\"DirectorioServicios\" title=\"Haga click para ver la informaci\u00f3n correspondiente.\">14. Contabilidad.<\/div><div class=\"DirectorioServicios\" title=\"Haga click para ver la informaci\u00f3n correspondiente.\">15. Asesor\u00eda Fiscal.<\/div><div class=\"DirectorioServicios\" title=\"Haga click para ver la informaci\u00f3n correspondiente.\">16. Visado.<\/div><div class=\"DirectorioServicios\" title=\"Haga click para ver la informaci\u00f3n correspondiente.\">17. Asesor\u00eda Juridica.<\/div><div class=\"DirectorioServicios\" title=\"Haga click para ver la informaci\u00f3n correspondiente.\">18. Inform\u00e1tica - Informaci\u00f3n.<\/div><div class=\"DirectorioServicios\" title=\"Haga click para ver la informaci\u00f3n correspondiente.\">19. Inform\u00e1tica - Desarrollo.<\/div><\/td><td class=\"DirectorioContenido\" style=\"width: 31.1625px;\">\u00a0<\/td><\/tr><\/tbody><\/table><p><a name=\"S11\"><\/a><\/p><table class=\"TablaDirectorio\" style=\"width: 501px;\"><tbody><tr><td class=\"DirectorioCabecera\" style=\"width: 488px;\" colspan=\"3\"><strong>2. Planta Segunda:<\/strong><\/td><\/tr><tr><td style=\"width: 270px;\"><img class=\"alignnone size-medium wp-image-1976\" src=\"https:\/\/arquitectosdejaen.es\/wp-content\/uploads\/Directorio_P2-250x151.jpg\" alt=\"\" \/><\/td><td class=\"DirectorioContenido\" style=\"width: 196.513px;\"><div class=\"DirectorioEspacios\">21. Sal\u00f3n de Actos.<\/div><div class=\"DirectorioJunta\">22. Decano. Sala de Juntas.<\/div><div class=\"DirectorioAseos\">23. Aseos.<\/div><\/td><td style=\"width: 21.4875px;\">\u00a0<\/td><\/tr><\/tbody><\/table><p><a name=\"S12\"><\/a><\/p><table class=\"TablaDirectorio\" style=\"width: 341px;\"><tbody><tr><td class=\"DirectorioCabecera\" style=\"width: 335px;\" colspan=\"3\"><strong>-1. S\u00f3tano:<\/strong><\/td><\/tr><tr><td style=\"width: 268.925px;\"><img class=\"alignnone size-medium wp-image-1978\" src=\"https:\/\/arquitectosdejaen.es\/wp-content\/uploads\/Directorio_PS-250x178.jpg\" alt=\"\" \/><\/td><td class=\"DirectorioContenido\" style=\"width: 56.075px;\"><div class=\"DirectorioArchivo\">-11. Archivo.<\/div><\/td><\/tr><\/tbody><\/table><p>\u00a0<\/p>","_et_gb_content_width":"","footnotes":""},"class_list":["post-191","page","type-page","status-publish","hentry"],"_links":{"self":[{"href":"https:\/\/arquitectosdejaen.es\/index.php?rest_route=\/wp\/v2\/pages\/191","targetHints":{"allow":["GET"]}}],"collection":[{"href":"https:\/\/arquitectosdejaen.es\/index.php?rest_route=\/wp\/v2\/pages"}],"about":[{"href":"https:\/\/arquitectosdejaen.es\/index.php?rest_route=\/wp\/v2\/types\/page"}],"author":[{"embeddable":true,"href":"https:\/\/arquitectosdejaen.es\/index.php?rest_route=\/wp\/v2\/users\/1"}],"replies":[{"embeddable":true,"href":"https:\/\/arquitectosdejaen.es\/index.php?rest_route=%2Fwp%2Fv2%2Fcomments&post=191"}],"version-history":[{"count":17,"href":"https:\/\/arquitectosdejaen.es\/index.php?rest_route=\/wp\/v2\/pages\/191\/revisions"}],"predecessor-version":[{"id":4764,"href":"https:\/\/arquitectosdejaen.es\/index.php?rest_route=\/wp\/v2\/pages\/191\/revisions\/4764"}],"wp:attachment":[{"href":"https:\/\/arquitectosdejaen.es\/index.php?rest_route=%2Fwp%2Fv2%2Fmedia&parent=191"}],"curies":[{"name":"wp","href":"https:\/\/api.w.org\/{rel}","templated":true}]}}