{"id":680,"date":"2018-10-24T12:47:55","date_gmt":"2018-10-24T10:47:55","guid":{"rendered":"https:\/\/arquitectosdejaen.es\/servicios-colegiales\/verificacion-de-documentacion-copy\/"},"modified":"2020-12-02T11:37:32","modified_gmt":"2020-12-02T10:37:32","slug":"proteccion-de-datos","status":"publish","type":"page","link":"https:\/\/arquitectosdejaen.es\/?page_id=680","title":{"rendered":"POL\u00cdTICA DE PRIVACIDAD Y PROTECCI\u00d3N DE DATOS"},"content":{"rendered":"<h2 class=\"titulo-oscuro\">Pol\u00edtica de Privacidad y Protecci\u00f3n de Datos<\/h2>\n<p style=\"font-weight: 400;\">En el Colegio Oficial de Arquitectos de Ja\u00e9n con la finalidad de asegurar la confidencialidad de los datos personales que se nos facilitan bien, a trav\u00e9s de la web, bien a trav\u00e9s de nuestros formularios y aplicaciones para el visado de trabajos profesionales de Arquitectos, se redacta esta cl\u00e1usula con el objeto de informar al usuario de la pol\u00edtica de protecci\u00f3n de datos que esta Entidad tiene implantada.<\/p>\n<p style=\"font-weight: 400;\">Por ello, y de conformidad con lo establecido en la nueva Legislaci\u00f3n sobre Protecci\u00f3n de Datos de Car\u00e1cter Personal, que es aplicable a desde el 25 de Mayo de 2018, y en virtud del principio de transparencia por el que se rige esta Corporaci\u00f3n de Derecho P\u00fablico, ponemos a su disposici\u00f3n a continuaci\u00f3n la informaci\u00f3n relevante relativa al tratamiento de datos personales, con el fin de que conozca en todo momento, c\u00f3mo tratamos sus datos, con qu\u00e9 finalidad y los derechos que le asisten a este respecto.<\/p>\n<p style=\"font-weight: 400;\">\u00a0<strong>INFORMACI\u00d3N ADICIONAL SOBRE PROTECCI\u00d3N DE DATOS<\/strong><\/p>\n<p style=\"font-weight: 400;\"><strong>Responsable del tratamiento de sus datos personales<\/strong><\/p>\n<p style=\"font-weight: 400;\">Colegio Oficial de Arquitectos de Ja\u00e9n.<\/p>\n<p style=\"font-weight: 400;\">CIF: Q-2300597-H<\/p>\n<p style=\"font-weight: 400;\">Domicilio: C\/ Almenas, n\u00ba 1, 23001, Ja\u00e9n.<\/p>\n<p style=\"font-weight: 400;\">Correo electr\u00f3nico:\u00a0<a href=\"mailto:protecciondedatos@coajaen.org\">protecciondedatos@coajaen.org<\/a><\/p>\n<p style=\"font-weight: 400;\">Contacto Delegado de Protecci\u00f3n de Datos (DPD): En la direcci\u00f3n postal arriba indicada o por correo electr\u00f3nico:\u00a0<a href=\"mailto:dpd@coajaen.org\">dpd@coajaen.org<\/a><\/p>\n<p style=\"font-weight: 400;\">\u00a0<strong>OBTENCI\u00d3N DE DATOS<\/strong><\/p>\n<p style=\"font-weight: 400;\">El Colegio Oficial de Arquitectos de Ja\u00e9n ha obtenido los datos personales que ser\u00e1n objeto de tratamiento de alguna de las siguientes fuentes:<\/p>\n<ul>\n<li style=\"font-weight: 400;\">Facilitados por usted en el momento de la formalizaci\u00f3n de la Solicitud de Incorporaci\u00f3n como Colegiado, que ser\u00e1n complementados con los obtenidos a lo largo de la duraci\u00f3n de su situaci\u00f3n de Colegiaci\u00f3n.<\/li>\n<li style=\"font-weight: 400;\">Facilitados por usted en el momento de la formalizaci\u00f3n de la Solicitud de Condici\u00f3n de Asociado.<\/li>\n<li style=\"font-weight: 400;\">Facilitados por usted en el momento de la Comunicaci\u00f3n de Encargo Profesional y Solicitud de Visado Obligatorio o Voluntario de los trabajos profesionales de los Arquitectos.<\/li>\n<li style=\"font-weight: 400;\">Facilitados por usted en el momento de la formalizaci\u00f3n de la solicitud de acceso a la aplicaci\u00f3n de visado digital de trabajos profesionales de Arquitectos.<\/li>\n<li style=\"font-weight: 400;\">De registros p\u00fablicos y\/o fuentes accesibles al p\u00fablico si fuera necesario y siempre que exista inter\u00e9s leg\u00edtimo para ello, y s\u00f3lo en los casos de habilitaci\u00f3n para el ejercicio de la profesi\u00f3n de arquitecto en la Provincia de Ja\u00e9n.<\/li>\n<li style=\"font-weight: 400;\">Facilitados por usted en el momento de la formalizaci\u00f3n de contrato o convenio con el Colegio Oficial de Arquitectos en relaciones con proveedores, colaboradores o empleados.<\/li>\n<\/ul>\n<p style=\"font-weight: 400;\">En el caso de proporcionarnos informaci\u00f3n sobre otras personas debe obtener su consentimiento. Esto es aplicable a todos los datos, y especialmente, si los hubiera, a datos sensibles como lo relativos a la salud y\/o sanciones administrativas. Si nos proporciona datos de otras personas nos est\u00e1 confirmando que tiene su permiso y que estas personas han comprendido como se utilizar\u00e1 dicha informaci\u00f3n.<\/p>\n<p style=\"font-weight: 400;\"><strong>FINALIDAD EN EL TRATAMIENTO DE DATOS.<\/strong><\/p>\n<p style=\"font-weight: 400;\"><strong>\u00a0<\/strong>Seg\u00fan el art\u00edculo 3 de los Estatutos Particulares del Colegio Oficial de Arquitectos de Ja\u00e9n, \u201c<em>Son fines esenciales del Colegio Oficial de Arquitectos de Ja\u00e9n, los que expresamente se determinen en la Legislaci\u00f3n de Colegios Profesionales.\u00a0\u00a0<\/em><\/p>\n<p style=\"font-weight: 400;\"><em>El objeto fundamental del Colegio es procurar que se cumplan en todos los casos los fines que correspondan a la Arquitectura y el Urbanismo considerados como funci\u00f3n social.<\/em><\/p>\n<p style=\"font-weight: 400;\"><em>Sin perjuicio de dicha generalidad, son fines espec\u00edficos del Colegio:<\/em><\/p>\n<ol>\n<li style=\"font-weight: 400;\"><em>a) Procurar el perfeccionamiento de la actividad profesional de los Arquitectos, contribuyendo a garantizar la libertad de actuaci\u00f3n del Arquitecto en su ejercicio profesional en cualquier modalidad y velar para que el Arquitecto pueda desarrollar su actividad con total independencia de criterio.<\/em><\/li>\n<li style=\"font-weight: 400;\"><em>b) Ordenar, en el marco de las Leyes, el ejercicio profesional.<\/em><\/li>\n<li style=\"font-weight: 400;\"><em>c) Controlar que la actividad de sus Colegiados se someta a las normas deontol\u00f3gicas de la profesi\u00f3n.<\/em><\/li>\n<li style=\"font-weight: 400;\"><em>d) Representar y defender los intereses generales de la profesi\u00f3n, en particular en sus relaciones con los poderes p\u00fablicos.<\/em><\/li>\n<li style=\"font-weight: 400;\"><em>e) Defender los derechos e intereses profesionales de sus miembros.<\/em><\/li>\n<li style=\"font-weight: 400;\"><em>f) Realizar las prestaciones de inter\u00e9s general propias de la profesi\u00f3n de arquitecto que consideren oportunas o que les encomienden los poderes p\u00fablicos con arreglo a la Ley.<\/em><\/li>\n<li style=\"font-weight: 400;\"><em>g) Fomentar la difusi\u00f3n y el conocimiento de la Arquitectura de la provincia y del trabajo de los arquitectos colegiados dentro y fuera de la provincia de Ja\u00e9n.<\/em><\/li>\n<li style=\"font-weight: 400;\"><em>h) Atender al reciclaje y formaci\u00f3n profesional permanente de sus miembros.<\/em><\/li>\n<li style=\"font-weight: 400;\"><em>i)Desarrollar la informaci\u00f3n, la sensibilidad y el esp\u00edritu de participaci\u00f3n de la sociedad en los campos de la Arquitectura, del Urbanismo y del Medio Ambiente.<\/em><\/li>\n<li style=\"font-weight: 400;\"><em>j) Velar por el adecuado nivel de calidad de las prestaciones profesionales de los arquitectos.<\/em><\/li>\n<li style=\"font-weight: 400;\"><em>k) Proteger los intereses de los consumidores y usuarios de los servicios tanto de los Colegiados como de los Arquitectos que ejerzan su profesi\u00f3n en el \u00e1mbito territorial del Colegio.<\/em>\u201d<\/li>\n<\/ol>\n<p style=\"font-weight: 400;\">Por tanto, la finalidad del tratamiento de los datos de car\u00e1cter personal es la consecuci\u00f3n de dichos fines que, adem\u00e1s vienen regulados\u00a0en la Ley 2\/1974, de Colegios Profesionales, Ley 10\/2003, Reguladora de los Colegios Profesionales de Andaluc\u00eda, Decreto 216\/2006, Reglamento de Colegios Profesionales de Andaluc\u00eda, Real Decreto 129\/2018, de 16 de marzo, por el que se aprueban los Estatutos Generales de los Colegios de Arquitectos y su Consejo Superior.<\/p>\n<p style=\"font-weight: 400;\"><strong>TIEMPO QUE SE CONSERVAN LOS DATOS.<\/strong><\/p>\n<p style=\"font-weight: 400;\">En virtud de la relaci\u00f3n jur\u00eddica como consecuencia de la\u00a0<strong>Colegiaci\u00f3n<\/strong>, los datos personales ser\u00e1n conservados:<\/p>\n<ul>\n<li style=\"font-weight: 400;\">\u00a0Durante toda la vigencia de la relaci\u00f3n colegial, as\u00ed como, tras su finalizaci\u00f3n cuando el tratamiento de los datos sea necesario para atender las posibles responsabilidades o reclamaciones que pudieran derivarse de la relaci\u00f3n mantenida.<\/li>\n<\/ul>\n<p style=\"font-weight: 400;\">\u00a0Posteriormente, durante los plazos legales que resulten de aplicaci\u00f3n en cada caso concreto, en funci\u00f3n de la finalidad para la que fueron recabados, as\u00ed como para cumplir con los requerimientos y responsabilidades de la normativa vigente aplicable en cada caso, en concreto los plazos a tenor de lo establecido en la Ley 2\/1974, de Colegios Profesionales, Ley 10\/2003, Reguladora de los Colegios Profesionales de Andaluc\u00eda, Decreto 216\/2006, Reglamento de Colegios Profesionales de Andaluc\u00eda, Real Decreto 129\/2018, de 16 de marzo, por el que se aprueban los Estatutos Generales de los Colegios de Arquitectos y su Consejo Superior, Ley 38\/1999, de Ordenaci\u00f3n de la Edificaci\u00f3n, Real Decreto 314\/2006, de 17 de marzo, por el que se aprueba el C\u00f3digo T\u00e9cnico de la Edificaci\u00f3n, as\u00ed como cualquier otra que fuera de aplicaci\u00f3n.<\/p>\n<p style=\"font-weight: 400;\">No obstante, los datos permanecer\u00e1n en situaci\u00f3n de bloqueo durante los plazos que determina la normativa especificada anteriormente, a fin de poder atender las responsabilidades que se pudieran generar. Transcurridos dichos plazos se proceder\u00e1 a su supresi\u00f3n, salvo que el interesado haya autorizado su tratamiento para finalidades concretas por un plazo superior.<\/p>\n<p style=\"font-weight: 400;\"><strong>\u00a0GARANT\u00cdA DE LA SEGURIDAD DE SUS DATOS.<\/strong><\/p>\n<p style=\"font-weight: 400;\">\u00a0Desde el comienzo del tratamiento se aplicar\u00e1n las medidas organizativas y de seguridad para garantizar la integridad, confidencialidad, disponibilidad, resiliencia o invulnerabilidad, para evitar la p\u00e9rdida, mal uso y acceso no autorizado a sus datos personales. Todo ello conforme a lo dispuesto en el Reglamento (UE) 2016\/679 del Parlamento Europeo y del Consejo de 27 de abril de 2016, relativo a la protecci\u00f3n de las personas f\u00edsicas en lo que respecta al tratamiento de datos personales, as\u00ed como lo que se establezca en la normativa nacional que sea de aplicaci\u00f3n.<\/p>\n<p style=\"font-weight: 400;\"><strong>\u00a0LEGITIMACI\u00d3N DE PARA EL TRATAMIENTO DE DATOS<\/strong><\/p>\n<p style=\"font-weight: 400;\">\u00a0La base legal para el tratamiento de sus datos se encuentra amparada en:<\/p>\n<ul>\n<li style=\"font-weight: 400;\">\u00a0La formalizaci\u00f3n de las solicitudes de incorporaci\u00f3n como colegiado, en los t\u00e9rminos que constan detallados en la informaci\u00f3n legal en la propia solicitud, se realiza\u00a0a tenor de lo establecido en la Ley 2\/1974, de Colegios Profesionales, Ley 10\/2003, Reguladora de los Colegios Profesionales de Andaluc\u00eda, Decreto 216\/2006, Reglamento de Colegios Profesionales de Andaluc\u00eda, Real Decreto 129\/2018, de 16 de marzo, por el que se aprueban los Estatutos Generales de los Colegios de Arquitectos y su Consejo Superior, as\u00ed como, los propios Estatutos Particulares del Colegio Oficial de Arquitectos de Ja\u00e9n y, dem\u00e1s normas que las desarrollan. Dichos datos ser\u00e1n necesarios, por lo que la negativa a facilitarlos conlleva la imposibilidad de la realizaci\u00f3n de dichos tr\u00e1mites, as\u00ed como, el desarrollo de los fines del Colegio Oficial de Arquitectos de Ja\u00e9n, en las relaciones Colegiales.<\/li>\n<li style=\"font-weight: 400;\">La formalizaci\u00f3n de comunicaciones de encargo profesionales de los arquitectos en los t\u00e9rminos que constan detallados en la informaci\u00f3n legal de la propia comunicaci\u00f3n, se realiza a tenor de\u00a0lo establecido en el Real Decreto 1000\/2010, de 5 de agosto, sobre Visado Colegial Obligatorio, y en art\u00edculo 14 del Decreto 60\/2010, de 16 de marzo, aprobatorio del Reglamento de Disciplina Urban\u00edstica de la Comunidad Aut\u00f3noma de Andaluc\u00eda, modificado por el Real Decreto 327\/2012, se proceda al visado del trabajo profesional\u00a0referenciado, conforme a lo dispuesto en la Ley 2\/1974, de 13 de febrero, sobre Colegios Profesionales, y Ley 10\/2003, de 27 de noviembre, reguladora de los Colegios Profesionales de Andaluc\u00eda y dem\u00e1s normas que las desarrollan.<\/li>\n<li style=\"font-weight: 400;\">El consentimiento expreso legitima en el caso de\u00a0los datos personales de Asociados, autorizando a \u00e9ste para el tratamiento automatizado de los mismos y su utilizaci\u00f3n en relaci\u00f3n con la actividad propia del Colegio, para la gesti\u00f3n del Registro de Asociados, durante el tiempo en que permanezca en dicha situaci\u00f3n.<\/li>\n<li style=\"font-weight: 400;\">Igualmente, el consentimiento expreso legitima al Colegio Oficial de Arquitectos de Ja\u00e9n en sus relaciones con proveedores, colaboradores o empleados<\/li>\n<\/ul>\n<p style=\"font-weight: 400;\">\u00a0<strong>DESTINATARIOS DE LOS DATOS<\/strong><\/p>\n<p style=\"font-weight: 400;\">Sus datos de colegiaci\u00f3n ser\u00e1n tratados de forma confidencial de acuerdo con las finalidades, tanto por Colegio Oficial de Arquitectos de Ja\u00e9n como por el Consejo Superior de Colegios de Arquitectos de Espa\u00f1a y el Consejo Andaluz de Colegios Oficiales de Arquitectos, a los que por obligaci\u00f3n legal, seg\u00fan la Ley 2\/1974 de Colegios Profesionales, Ley 10\/2003, reguladora de los Colegios Profesionales de Andaluc\u00eda, Ley 6\/1995 de Consejos Andaluces de Colegios Profesionales y normas de desarrollo,\u00a0\u00a0es obligatorio facilitarlos.<\/p>\n<p style=\"font-weight: 400;\">De igual manera, los datos de los Arquitectos Colegiados, dentro del ejercicio de los fines y funciones del Colegio Oficial de Arquitectos de Ja\u00e9n, podr\u00e1n ser facilitados\u00a0a aquellos estamentos cuando sea necesario para el eficaz desempe\u00f1o de sus atribuciones y el cumplimiento del objeto de dicho Colegio<\/p>\n<p style=\"font-weight: 400;\">Dentro del procedimiento de visado y posterior tramitaci\u00f3n ante las Administraciones correspondientes, los trabajos profesionales podr\u00e1n ser comunicados a las mismas, todo ello, con la autorizaci\u00f3n expresa de los interesados y con el correspondiente convenio suscrito con las citadas administraciones.<\/p>\n<p style=\"font-weight: 400;\">Sus datos podr\u00e1n ser comunicados a la Agencia Tributaria y a otras Autoridades y \u00d3rganos Administrativos y Judiciales en funci\u00f3n de sus competencias, cuando estos as\u00ed lo requieran o dicha comunicaci\u00f3n sea necesaria para salvaguardar los derechos o intereses leg\u00edtimos del Colegio Oficial de Arquitectos de Ja\u00e9n<\/p>\n<p style=\"font-weight: 400;\">Se informa que seg\u00fan el art\u00edculo 10 de la Ley 2\/1974, de Colegios Profesionales, las Organizaciones Colegiales deber\u00e1n mantener con acceso al p\u00fablico\u00a0Registro de colegiados, que estar\u00e1 permanentemente actualizado y en el que constar\u00e1n, al menos, los siguientes datos: nombre y apellidos de los profesionales colegiados, n\u00famero de colegiaci\u00f3n, t\u00edtulos oficiales de los que est\u00e9n en posesi\u00f3n, domicilio profesional y situaci\u00f3n de habilitaci\u00f3n profesional.<\/p>\n<p style=\"font-weight: 400;\">En virtud de la relaci\u00f3n jur\u00eddica como consecuencia de la\u00a0<strong>colegiaci\u00f3n o asociaci\u00f3n<\/strong>, igualmente le informamos que se facilitar\u00e1n los datos a las Entidades Bancarias con convenio con el Colegio Oficial de Arquitectos de Ja\u00e9n para el cobro de cuotas colegiales.<\/p>\n<p style=\"font-weight: 400;\"><strong>DERECHOS DE LOS QUE FACILITAN LOS DATOS<\/strong><\/p>\n<p style=\"font-weight: 400;\">El interesado en relaci\u00f3n a los datos que son tratados por el Colegio Oficial de Arquitectos de Ja\u00e9n tiene la posibilidad de ejercitar de forma libre y gratuita los siguientes derechos:<\/p>\n<ul>\n<li style=\"font-weight: 400;\">\u00a0Acceder a sus datos personales.<\/li>\n<li style=\"font-weight: 400;\">Rectificar sus datos personales cuando resulten inexactos o incompletos.<\/li>\n<li style=\"font-weight: 400;\">Suprimir sus datos personales cuando no sean necesarios para los fines para los que fueron recabados, entre otros motivos.<\/li>\n<li style=\"font-weight: 400;\">Limitar el tratamiento de todos o parte de sus datos personales en las circunstancias que determina la ley.<\/li>\n<li style=\"font-weight: 400;\">Oponerse a determinados tratamientos en las circunstancias y por motivos relacionados con su situaci\u00f3n particular.<\/li>\n<li style=\"font-weight: 400;\">Solicitar la portabilidad de sus datos personales en un formato interoperable y autosuficiente.<\/li>\n<li style=\"font-weight: 400;\">Retirar, en cualquier momento, los consentimientos otorgados previamente.<\/li>\n<\/ul>\n<p style=\"font-weight: 400;\">\u00a0De conformidad con la normativa vigente, el interesado puede ejercer sus derechos solicit\u00e1ndolo por escrito, y junto a una copia de un documento fehaciente que acredite su identidad, en la siguiente direcci\u00f3n postal: C\/ Almenas, n\u00ba 1, 23001, Ja\u00e9n o en el correo electr\u00f3nico\u00a0<a href=\"mailto:protecciondedatos@coajaen.org\">protecciondedatos@coajaen.org<\/a><\/p>\n<p style=\"font-weight: 400;\">Igualmente, en el caso de no haya obtenido satisfacci\u00f3n en el ejercicio de sus derechos podr\u00e1 interponer una reclamaci\u00f3n ante la Agencia Espa\u00f1ola de Protecci\u00f3n de Datos, autoridad de control en materia de protecci\u00f3n de datos, en la siguiente direcci\u00f3n: C\/ Jorge Juan, 6, 28001 Madrid.<\/p>\n<p>&nbsp;<\/p>\n","protected":false},"excerpt":{"rendered":"<p>Pol\u00edtica de Privacidad y Protecci\u00f3n de Datos En el Colegio Oficial de Arquitectos de Ja\u00e9n con la finalidad de asegurar la confidencialidad de los datos personales que se nos facilitan bien, a trav\u00e9s de la web, bien a trav\u00e9s de nuestros formularios y aplicaciones para el visado de trabajos profesionales de Arquitectos, se redacta esta [&hellip;]<\/p>\n","protected":false},"author":1,"featured_media":0,"parent":670,"menu_order":0,"comment_status":"closed","ping_status":"closed","template":"","meta":{"_et_pb_use_builder":"","_et_pb_old_content":"","_et_gb_content_width":"","footnotes":""},"class_list":["post-680","page","type-page","status-publish","hentry"],"_links":{"self":[{"href":"https:\/\/arquitectosdejaen.es\/index.php?rest_route=\/wp\/v2\/pages\/680","targetHints":{"allow":["GET"]}}],"collection":[{"href":"https:\/\/arquitectosdejaen.es\/index.php?rest_route=\/wp\/v2\/pages"}],"about":[{"href":"https:\/\/arquitectosdejaen.es\/index.php?rest_route=\/wp\/v2\/types\/page"}],"author":[{"embeddable":true,"href":"https:\/\/arquitectosdejaen.es\/index.php?rest_route=\/wp\/v2\/users\/1"}],"replies":[{"embeddable":true,"href":"https:\/\/arquitectosdejaen.es\/index.php?rest_route=%2Fwp%2Fv2%2Fcomments&post=680"}],"version-history":[{"count":5,"href":"https:\/\/arquitectosdejaen.es\/index.php?rest_route=\/wp\/v2\/pages\/680\/revisions"}],"predecessor-version":[{"id":4029,"href":"https:\/\/arquitectosdejaen.es\/index.php?rest_route=\/wp\/v2\/pages\/680\/revisions\/4029"}],"up":[{"embeddable":true,"href":"https:\/\/arquitectosdejaen.es\/index.php?rest_route=\/wp\/v2\/pages\/670"}],"wp:attachment":[{"href":"https:\/\/arquitectosdejaen.es\/index.php?rest_route=%2Fwp%2Fv2%2Fmedia&parent=680"}],"curies":[{"name":"wp","href":"https:\/\/api.w.org\/{rel}","templated":true}]}}